{"id":443,"date":"2023-11-03T13:35:48","date_gmt":"2023-11-03T13:35:48","guid":{"rendered":"https:\/\/vehirlife.hu\/?page_id=443"},"modified":"2023-11-13T10:43:57","modified_gmt":"2023-11-13T10:43:57","slug":"archivum-2","status":"publish","type":"page","link":"https:\/\/vehirlife.hu\/index.php\/archivum-2\/","title":{"rendered":"Arch\u00edvum"},"content":{"rendered":"\t\t<div data-elementor-type=\"wp-page\" data-elementor-id=\"443\" class=\"elementor elementor-443\">\n\t\t\t\t<div class=\"elementor-element elementor-element-b6e1d0d e-flex e-con-boxed e-con e-parent\" data-id=\"b6e1d0d\" data-element_type=\"container\" data-e-type=\"container\">\n\t\t\t\t\t<div class=\"e-con-inner\">\n\t\t<div class=\"elementor-element elementor-element-25dbb4c e-con-full e-flex e-con e-child\" data-id=\"25dbb4c\" data-element_type=\"container\" data-e-type=\"container\" data-settings=\"{&quot;background_background&quot;:&quot;classic&quot;}\">\n\t\t\t\t<div class=\"elementor-element elementor-element-249c9be elementor-widget elementor-widget-image\" data-id=\"249c9be\" data-element_type=\"widget\" data-e-type=\"widget\" data-widget_type=\"image.default\">\n\t\t\t\t<div class=\"elementor-widget-container\">\n\t\t\t\t\t\t\t\t\t\t\t\t\t\t\t<img fetchpriority=\"high\" decoding=\"async\" width=\"1206\" height=\"1564\" src=\"https:\/\/vehirlife.hu\/wp-content\/uploads\/2023\/11\/lifestyle_2023_nyar_72-01.jpg\" class=\"attachment-full size-full wp-image-448\" alt=\"\" srcset=\"https:\/\/vehirlife.hu\/wp-content\/uploads\/2023\/11\/lifestyle_2023_nyar_72-01.jpg 1206w, https:\/\/vehirlife.hu\/wp-content\/uploads\/2023\/11\/lifestyle_2023_nyar_72-01-231x300.jpg 231w, https:\/\/vehirlife.hu\/wp-content\/uploads\/2023\/11\/lifestyle_2023_nyar_72-01-790x1024.jpg 790w, https:\/\/vehirlife.hu\/wp-content\/uploads\/2023\/11\/lifestyle_2023_nyar_72-01-768x996.jpg 768w, https:\/\/vehirlife.hu\/wp-content\/uploads\/2023\/11\/lifestyle_2023_nyar_72-01-1184x1536.jpg 1184w\" sizes=\"(max-width: 1206px) 100vw, 1206px\" \/>\t\t\t\t\t\t\t\t\t\t\t\t\t\t\t<\/div>\n\t\t\t\t<\/div>\n\t\t\t\t<\/div>\n\t\t<div class=\"elementor-element elementor-element-00729b2 e-con-full e-flex e-con e-child\" data-id=\"00729b2\" data-element_type=\"container\" data-e-type=\"container\">\n\t\t\t\t<div class=\"elementor-element elementor-element-4760b5f elementor-widget__width-initial elementor-widget elementor-widget-heading\" data-id=\"4760b5f\" data-element_type=\"widget\" data-e-type=\"widget\" data-widget_type=\"heading.default\">\n\t\t\t\t<div class=\"elementor-widget-container\">\n\t\t\t\t\t<h1 class=\"elementor-heading-title elementor-size-default\"><b>Projekt <\/b> <br><a href=\"https:\/\/vehir.hu\/cikk\/68306-este-indultak-hajnalban-pedig-megerkeztek-az-ukran-hatarhoz-a-v-busz-jarmuvei\">Ukrajn\u00e1ba mentek a lila buszok<\/a><br>\n\n<a href=\"https:\/\/vehir.hu\/cikk\/68724-felidoben-tart-a-veszpremi-varnegyed-megujitasa-de-mar-most-egy-egyedulallo-kiallitast-nyitnak\">\u00dczenet a j\u00f6v\u0151nek<\/a><br>\n\n<a href=\"https:\/\/vehir.hu\/cikk\/69288-a-blokad-cimu-alkotas-kapta-a-legjobb-jatekfilmnek-jaro-dijat-a-magyar-mozgokep-fesztivalon\">A Blok\u00e1d kapta a legnagyobb tapsot<\/a>\n<br>\n<a href=\"https:\/\/vehir.hu\/cikk\/69183-az-egig-felert-a-veszpremi-gyerekek-eneke\">Az \u00e9gig fel\u00e9rt a veszpr\u00e9mi gyerekek \u00e9neke<\/a><br>\n<br>\n<b>Klubstyle <\/b><br>\n<a href=\"https:\/\/vehir.hu\/cikk\/69657-ordog-nora-az-az-egyetlen-valosag-ami-eppen-most-tortenik\">\u00d6rd\u00f6g N\u00f3ra: \"Az az egyetlen val\u00f3s\u00e1g, ami \u00e9ppen most t\u00f6rt\u00e9nik\"<\/a> <br><br>\n\n<b>J\u00f6v\u0151betekint\u0151 <\/b><br>\n<a href=\"https:\/\/vehir.hu\/cikk\/69613-a-szelnel-is-gyorsabb-hajo\">Dr. Kaiser Krist\u00f3f \n - A sz\u00e9ln\u00e9l is gyorsabb haj\u00f3<\/a> <br>\n<br>\n\n <b>Sztori <\/b><br>\n<a href=\"https:\/\/vehir.hu\/cikk\/69691-veszprem-vilagitotornya\">Veszpr\u00e9m vil\u00e1g\u00edt\u00f3tornya\n<\/a>\n<br>\n<br>\n\n<b>Trend<\/b><br>\n<a href=\"https:\/\/vehir.hu\/cikk\/69699-valsagban-is-lehet-novekedni\">Happ Oliv\u00e9r: V\u00e1ls\u00e1gban is lehet n\u00f6vekedni\n<\/a>\n<br> \n<br>\n\n<b>Kult <\/b><br>\n<a href=\"https:\/\/vehir.hu\/cikk\/69656-nyary-krisztian-sokan-ma-olvasnak-utoljara\">Ny\u00e1ri Kriszti\u00e1n: sokan ma olvasnak utolj\u00e1ra\n<\/a> <br>\n<br>\n\n <b>\u00c9let\u00fat-lev\u00e9l<\/b><br>\n<a href=\"https:\/\/vehir.hu\/cikk\/69693-a-piac-aminek-lelke-van\">Hartmathy Ildik\u00f3 - A piac, aminek lelke van\n<\/a><br> \n<br> \n\n<b>Caff\u00e9 latte<\/b><br>\n<a href=\"https:\/\/vehir.hu\/cikk\/69694-egyutt-megis-egyedul-a-teremtovel\">Egy\u00fctt, m\u00e9gis egyed\u00fcl a teremt\u0151vel\n<\/a> <br> \n<br>\n<b>Scruton Pelso<\/b> <br>\n<a href=\"https:\/\/vehir.hu\/cikk\/70328-scruton-pelso-a-balaton-gasztro-es-kulturkikotoje\">A Balaton gasztro- \u00e9s kult\u00farkik\u00f6t\u0151je\n<\/a><\/h1>\t\t\t\t<\/div>\n\t\t\t\t<\/div>\n\t\t\t\t<\/div>\n\t\t<div class=\"elementor-element elementor-element-8c1c075 e-con-full e-flex e-con e-child\" data-id=\"8c1c075\" data-element_type=\"container\" data-e-type=\"container\">\n\t\t\t\t<div class=\"elementor-element elementor-element-af3c6b5 elementor-widget__width-initial elementor-widget elementor-widget-heading\" data-id=\"af3c6b5\" data-element_type=\"widget\" data-e-type=\"widget\" data-widget_type=\"heading.default\">\n\t\t\t\t<div class=\"elementor-widget-container\">\n\t\t\t\t\t<h1 class=\"elementor-heading-title elementor-size-default\"><b>Sz\u00ednh\u00e1z<\/b> <br>\n<a href=\"https:\/\/vehir.hu\/cikk\/69344-emlektabla-orzi-a-hangvillaban-benko-laszlo-az-omega-billentyusenek-emleket\">Benk\u0151 L\u00e1szl\u00f3 eml\u00e9ke\notthonra tal\u00e1lt a Hangvill\u00e1ban<\/a> <br><br>\n\n<b>Veszpr\u00e9m\u00fcnk<\/b> <br>\n<a href=\"https:\/\/vehir.hu\/cikk\/69697-a-gyerekkori-himzokosar-ismet-felnyilik-es-varazslatosabb-dolgokat-rejt-mint-valaha\">A gyerekkori h\u00edmz\u0151kos\u00e1r ism\u00e9t felny\u00edlik, \u00e9s var\u00e1zslatosabb dolgokat rejt, mint valaha<\/a> <br><br>\n\n<b>Ir\u00e1nyt\u0171<\/b> <br>\n<a href=\"https:\/\/vehir.hu\/cikk\/69690-indulj-orult-kalandra-es-valtsd-meg-vele-a-vilagot\">Indulj \u0151r\u00fclt kalandra \u00e9s v\u00e1ltsd meg vele a vil\u00e1got!<\/a> <br>\n<a href=\"https:\/\/vehir.hu\/cikk\/69695-a-legjobb-kalandok-a-kitaposott-osvenyen-tul-kezdodnek\">A legjobb kalandok a kitaposott \u00f6sv\u00e9nyen t\u00fal kezd\u0151dnek<\/a> \n<br><br>\n\n<b>Hull\u00e1m<\/b> <br>\n<a href=\"https:\/\/vehir.hu\/cikk\/69701-realis-celok-az-edzesben\">Re\u00e1lis c\u00e9lok az edz\u00e9sben<\/a>\n<br>\n<a href=\"https:\/\/vehir.hu\/cikk\/69702-oromteli-joga-kitarto-gyakorlas\">\u00d6r\u00f6mteli j\u00f3ga, kitart\u00f3 gyakorl\u00e1s<\/a> \n<br>\nA ny\u00e1r gy\u00fcm\u00f6lcs\u00f6s \u00e9s z\u00f6lds\u00e9ges sl\u00e1gerei\n<br><br>\n\n\n<b>Greenlife<\/b> \n<br>\n<a href=\"https:\/\/vehir.hu\/cikk\/69509-balatonalmadi-uj-blokkjaban-a-fenntarthatosage-es-kreativitase-a-foszerep\">Fenntarthat\u00f3 \"Blokk\" Balatonalm\u00e1diban<\/a> \n<br>\n<a href=\"https:\/\/vehir.hu\/cikk\/69696-videki-hangulat-a-nagyvarosban\">B\u00f3di Sylvi - Vid\u00e9ki hangulat a nagyv\u00e1rosban<\/a><br><br>\n\n<b>Outdoor<\/b>\n<br>\n<a href=\"https:\/\/vehir.hu\/cikk\/69700-ejszaka-a-szabad-eg-alatt\">\u00c9jszaka a szabad \u00e9g alatt<\/a> \n<br><br>\n\n<b>Gasztro<\/b> \n<br>\n<a href=\"https:\/\/vehir.hu\/cikk\/69692-nem-kispalyas-elmenyt-kinal-a-balatonibob-szabadidopark\">Nem kisp\u00e1ly\u00e1s \u00e9lm\u00e9nyt k\u00edn\u00e1l a BalatoniBob szabadid\u0151park<\/a>\n<br><br>\n\n<b>EKF sarok<\/b> <br>\n\u00cdgy \u00e9p\u00fclt fel \na j\u00f6v\u0151 Veszpr\u00e9me<br>\n<br>\n\n<b>B\u00fcszkes\u00e9gfal<\/b> \n<br>\n<a href=\"https:\/\/vehir.hu\/cikk\/69692-nem-kispalyas-elmenyt-kinal-a-balatonibob-szabadidopark\">Ism\u00e9t fel\u00fclt a magyar k\u00e9zilabda \ntr\u00f3nj\u00e1ra a Veszpr\u00e9m<\/a>\n<br><br><\/h1>\t\t\t\t<\/div>\n\t\t\t\t<\/div>\n\t\t\t\t<\/div>\n\t\t\t\t\t<\/div>\n\t\t\t\t<\/div>\n\t\t<div class=\"elementor-element elementor-element-6fcb055 e-flex e-con-boxed e-con e-parent\" data-id=\"6fcb055\" data-element_type=\"container\" data-e-type=\"container\">\n\t\t\t\t\t<div class=\"e-con-inner\">\n\t\t<div class=\"elementor-element elementor-element-88757ce e-con-full e-flex e-con e-child\" data-id=\"88757ce\" data-element_type=\"container\" data-e-type=\"container\">\n\t\t\t\t<div class=\"elementor-element elementor-element-1a6f287 elementor-widget__width-initial elementor-widget elementor-widget-heading\" data-id=\"1a6f287\" data-element_type=\"widget\" data-e-type=\"widget\" data-widget_type=\"heading.default\">\n\t\t\t\t<div class=\"elementor-widget-container\">\n\t\t\t\t\t<h1 class=\"elementor-heading-title elementor-size-default\"><b>Projekt <\/b> <br>Az Eur\u00f3pai Bizotts\u00e1g d\u00edja a veszpr\u00e9mi EKF projektnek<\/a><br>\n\n<a href=\"https:\/\/vehir.hu\/cikk\/68724-felidoben-tart-a-veszpremi-varnegyed-megujitasa-de-mar-most-egy-egyedulallo-kiallitast-nyitnak\">Meg\u00fajul a veszpr\u00e9mi vas\u00fat\u00e1llom\u00e1s<\/a><br>\n\n<a href=\"https:\/\/vehir.hu\/cikk\/69288-a-blokad-cimu-alkotas-kapta-a-legjobb-jatekfilmnek-jaro-dijat-a-magyar-mozgokep-fesztivalon\">Kolobusz b\u00e9bi sz\u00fcletett a Veszpr\u00e9mi \u00c1llatkertbent<\/a>\n<br>\n<a href=\"https:\/\/vehir.hu\/cikk\/69183-az-egig-felert-a-veszpremi-gyerekek-eneke\">Elfeledett pinc\u00e9re bukkantak a k\u00f6nyvt\u00e1r alatt<\/a><br>\n<br>\n<b>Klubstyle <\/b><br>\n<a href=\"https:\/\/vehir.hu\/cikk\/69657-ordog-nora-az-az-egyetlen-valosag-ami-eppen-most-tortenik\">Vecsei H. Mikl\u00f3s:\n\u201e\u00c9vekig \u00e9p\u00edtettem a h\u00e1zam egy erd\u0151ben, elk\u00e9sz\u00fclt, \ns most szabadabb vagyok, mint valaha\u201d<\/a> <br><br>\n\n<b>J\u00f6v\u0151betekint\u0151 <\/b><br>\n<a href=\"https:\/\/vehir.hu\/cikk\/69613-a-szelnel-is-gyorsabb-hajo\">Nagy K\u00e1lm\u00e1n\nMindig nagyon szem\u00e9lyesnek kell lennie\na filmnek, amit k\u00e9sz\u00edtek<\/a> <br>\n<br>\n\n <b>Sztori <\/b><br>\n<a href=\"https:\/\/vehir.hu\/cikk\/69691-veszprem-vilagitotornya\">A \u201eleg\u0151sibb foglalkoz\u00e1s\u201df\u00e9nykora Magyarorsz\u00e1gon<\/a>\n<br>\n<br>\n\n<b>Trend<\/b><br>\n<a href=\"https:\/\/vehir.hu\/cikk\/69699-valsagban-is-lehet-novekedni\">Hubert Parketta: Csal\u00e1di v\u00e1llalkoz\u00e1sb\u00f3l csal\u00e1dias v\u00e1llalkoz\u00e1s\n<\/a>\n<br> \n<br>\n\n<b>Kult <\/b><br>\n<a href=\"https:\/\/vehir.hu\/cikk\/69656-nyary-krisztian-sokan-ma-olvasnak-utoljara\">Kar\u00e1dy Anna: \u201eAz \u00edr\u00f3i l\u00e9tben sokkal nagyobb szabads\u00e1got\n\u00e9lek meg, mint eddig b\u00e1rmikor\u201d\n<\/a> <br>\n<br>\n\n <b>\u00c9let\u00fat-lev\u00e9l<\/b><br>\n<a href=\"https:\/\/vehir.hu\/cikk\/69693-a-piac-aminek-lelke-van\">dr. Gelencs\u00e9r Andr\u00e1s:\nNem kellett volna felgyors\u00edtani \na haj\u00f3t!\n<\/a><br> \n<br> \n\n<b>Caff\u00e9 latte<\/b><br>\n<a href=\"https:\/\/vehir.hu\/cikk\/69694-egyutt-megis-egyedul-a-teremtovel\">Felt\u00e1rul a csopaki\nk\u00f3dex\n<\/a> <br> \n<\/h1>\t\t\t\t<\/div>\n\t\t\t\t<\/div>\n\t\t\t\t<\/div>\n\t\t<div class=\"elementor-element elementor-element-fc7446d e-con-full e-flex e-con e-child\" data-id=\"fc7446d\" data-element_type=\"container\" data-e-type=\"container\">\n\t\t\t\t<div class=\"elementor-element elementor-element-7b0eb13 elementor-widget__width-initial elementor-widget elementor-widget-heading\" data-id=\"7b0eb13\" data-element_type=\"widget\" data-e-type=\"widget\" data-widget_type=\"heading.default\">\n\t\t\t\t<div class=\"elementor-widget-container\">\n\t\t\t\t\t<h1 class=\"elementor-heading-title elementor-size-default\"><b>Veszpr\u00e9m\u00fcnk<\/b> <br>\n<a href=\"https:\/\/vehir.hu\/cikk\/70328-scruton-pelso-a-balaton-gasztro-es-kulturkikotoje\">Borszuk Val\u00e9ria:\nAz irodalom gy\u00f3gy\u00edr lehet lelki\nneh\u00e9zs\u00e9geinkre is\n<\/a><br><br>\n\n<b>Sz\u00ednh\u00e1z<\/b> <br>\n<a href=\"https:\/\/vehir.hu\/cikk\/69344-emlektabla-orzi-a-hangvillaban-benko-laszlo-az-omega-billentyusenek-emleket\">Pannon V\u00e1rsz\u00ednh\u00e1z: \"M\u00e1r akkor is t\u00f6bbf\u00e9le Pet\u0151fi volt, amikor \u00e9lt\"<\/a> <br><br>\n\n<b>Greendex<\/b> <br>\n<a href=\"https:\/\/vehir.hu\/cikk\/69697-a-gyerekkori-himzokosar-ismet-felnyilik-es-varazslatosabb-dolgokat-rejt-mint-valaha\">A csipketoj\u00e1sok \u0151seink egyszer\u0171en\nsz\u00e9p vil\u00e1g\u00e1t is megmutatj\u00e1k\n<\/a> <br><br>\n\n<b>Ir\u00e1nyt\u0171<\/b> <br>\n<a href=\"https:\/\/vehir.hu\/cikk\/69690-indulj-orult-kalandra-es-valtsd-meg-vele-a-vilagot\">Vonattal csavarogni m\u00e1r \u00f6nmag\u00e1ban \negy filmbe ill\u0151 kaland<\/a> <br>\n<br>\n\n\n<b>Hull\u00e1m<\/b> <br>\n<a href=\"https:\/\/vehir.hu\/cikk\/69701-realis-celok-az-edzesben\">\u00cdgy v\u00e1gj bele a hidegter\u00e1pi\u00e1ba!\n<\/a>\n<br>\n<a href=\"https:\/\/vehir.hu\/cikk\/69702-oromteli-joga-kitarto-gyakorlas\">A f\u00e9rfiak \u00e9s a j\u00f3ga<\/a> \n<br>\nKertb\u0151l a konyh\u00e1ba\n<br><br>\n\n\n<b>Outdoor<\/b>\n<br>\n<a href=\"https:\/\/vehir.hu\/cikk\/69700-ejszaka-a-szabad-eg-alatt\">B\u00e1r\u00e1nyos Bence:\nKincskeres\u00e9s nyakig \u00e9r\u0151\nv\u00edzben<\/a> \n<br><br>\n\n<b>Gasztro<\/b> \n<br>\n<a href=\"https:\/\/vehir.hu\/cikk\/69692-nem-kispalyas-elmenyt-kinal-a-balatonibob-szabadidopark\">Saiko no Sushi:\nSushi a legjav\u00e1b\u00f3l<\/a>\n<br><br>\n\n<b>EKF sarok<\/b> <br>\nIr\u00e1nyt\u0171 az EKF programjaihoz<br>\n<br>\n\n<b>B\u00fcszkes\u00e9gfal<\/b> \n<br>\n<a href=\"https:\/\/vehir.hu\/cikk\/69692-nem-kispalyas-elmenyt-kinal-a-balatonibob-szabadidopark\">Kossuth- \u00e9s Sz\u00e9chenyi-d\u00edj\nVeszpr\u00e9m kiv\u00e1l\u00f3s\u00e1gainakl<\/a>\n<br><br><\/h1>\t\t\t\t<\/div>\n\t\t\t\t<\/div>\n\t\t\t\t<\/div>\n\t\t<div class=\"elementor-element elementor-element-52a39dd e-con-full e-flex e-con e-child\" data-id=\"52a39dd\" data-element_type=\"container\" data-e-type=\"container\" data-settings=\"{&quot;background_background&quot;:&quot;classic&quot;}\">\n\t\t\t\t<div class=\"elementor-element elementor-element-a8cd5d2 elementor-widget elementor-widget-image\" data-id=\"a8cd5d2\" data-element_type=\"widget\" data-e-type=\"widget\" data-widget_type=\"image.default\">\n\t\t\t\t<div class=\"elementor-widget-container\">\n\t\t\t\t\t\t\t\t\t\t\t\t\t\t\t<img decoding=\"async\" width=\"1211\" height=\"1565\" src=\"https:\/\/vehirlife.hu\/wp-content\/uploads\/2023\/11\/lifestyle_2023_aprilis_64-01.png\" class=\"attachment-full size-full wp-image-1742\" alt=\"\" srcset=\"https:\/\/vehirlife.hu\/wp-content\/uploads\/2023\/11\/lifestyle_2023_aprilis_64-01.png 1211w, https:\/\/vehirlife.hu\/wp-content\/uploads\/2023\/11\/lifestyle_2023_aprilis_64-01-232x300.png 232w, https:\/\/vehirlife.hu\/wp-content\/uploads\/2023\/11\/lifestyle_2023_aprilis_64-01-792x1024.png 792w, https:\/\/vehirlife.hu\/wp-content\/uploads\/2023\/11\/lifestyle_2023_aprilis_64-01-768x993.png 768w, https:\/\/vehirlife.hu\/wp-content\/uploads\/2023\/11\/lifestyle_2023_aprilis_64-01-1189x1536.png 1189w\" sizes=\"(max-width: 1211px) 100vw, 1211px\" \/>\t\t\t\t\t\t\t\t\t\t\t\t\t\t\t<\/div>\n\t\t\t\t<\/div>\n\t\t\t\t<\/div>\n\t\t\t\t\t<\/div>\n\t\t\t\t<\/div>\n\t\t\t\t<\/div>\n\t\t","protected":false},"excerpt":{"rendered":"<p>Projekt Ukrajn\u00e1ba mentek a lila buszok \u00dczenet a j\u00f6v\u0151nek A Blok\u00e1d kapta a legnagyobb tapsot Az \u00e9gig fel\u00e9rt a veszpr\u00e9mi gyerekek \u00e9neke Klubstyle \u00d6rd\u00f6g N\u00f3ra: &#8222;Az az egyetlen val\u00f3s\u00e1g, ami \u00e9ppen most t\u00f6rt\u00e9nik&#8221; J\u00f6v\u0151betekint\u0151 Dr. Kaiser Krist\u00f3f &#8211; A sz\u00e9ln\u00e9l is gyorsabb haj\u00f3 Sztori Veszpr\u00e9m vil\u00e1g\u00edt\u00f3tornya Trend Happ Oliv\u00e9r: V\u00e1ls\u00e1gban is lehet n\u00f6vekedni Kult Ny\u00e1ri &#8230; <a title=\"Arch\u00edvum\" class=\"read-more\" href=\"https:\/\/vehirlife.hu\/index.php\/archivum-2\/\" aria-label=\"Read more about Arch\u00edvum\">Olvass tov\u00e1bb<\/a><\/p>\n","protected":false},"author":1,"featured_media":0,"parent":0,"menu_order":0,"comment_status":"closed","ping_status":"closed","template":"","meta":{"footnotes":""},"class_list":["post-443","page","type-page","status-publish"],"wpmagazine_modules_lite_featured_media_urls":{"thumbnail":"","cvmm-medium":"","cvmm-medium-plus":"","cvmm-portrait":"","cvmm-medium-square":"","cvmm-large":"","cvmm-small":"","full":""},"categories_names":null,"comments_number":"0","rttpg_featured_image_url":null,"rttpg_author":{"display_name":false,"author_link":"https:\/\/vehirlife.hu\/index.php\/author\/admin_2uh85u12\/"},"rttpg_comment":0,"rttpg_category":null,"rttpg_excerpt":"Projekt Ukrajn\u00e1ba mentek a lila buszok \u00dczenet a j\u00f6v\u0151nek A Blok\u00e1d kapta a legnagyobb tapsot Az \u00e9gig fel\u00e9rt a veszpr\u00e9mi gyerekek \u00e9neke Klubstyle \u00d6rd\u00f6g N\u00f3ra: &#8222;Az az egyetlen val\u00f3s\u00e1g, ami \u00e9ppen most t\u00f6rt\u00e9nik&#8221; J\u00f6v\u0151betekint\u0151 Dr. Kaiser Krist\u00f3f &#8211; A sz\u00e9ln\u00e9l is gyorsabb haj\u00f3 Sztori Veszpr\u00e9m vil\u00e1g\u00edt\u00f3tornya Trend Happ Oliv\u00e9r: V\u00e1ls\u00e1gban is lehet n\u00f6vekedni Kult Ny\u00e1ri&hellip;","_links":{"self":[{"href":"https:\/\/vehirlife.hu\/index.php\/wp-json\/wp\/v2\/pages\/443","targetHints":{"allow":["GET"]}}],"collection":[{"href":"https:\/\/vehirlife.hu\/index.php\/wp-json\/wp\/v2\/pages"}],"about":[{"href":"https:\/\/vehirlife.hu\/index.php\/wp-json\/wp\/v2\/types\/page"}],"author":[{"embeddable":true,"href":"https:\/\/vehirlife.hu\/index.php\/wp-json\/wp\/v2\/users\/1"}],"replies":[{"embeddable":true,"href":"https:\/\/vehirlife.hu\/index.php\/wp-json\/wp\/v2\/comments?post=443"}],"version-history":[{"count":214,"href":"https:\/\/vehirlife.hu\/index.php\/wp-json\/wp\/v2\/pages\/443\/revisions"}],"predecessor-version":[{"id":1769,"href":"https:\/\/vehirlife.hu\/index.php\/wp-json\/wp\/v2\/pages\/443\/revisions\/1769"}],"wp:attachment":[{"href":"https:\/\/vehirlife.hu\/index.php\/wp-json\/wp\/v2\/media?parent=443"}],"curies":[{"name":"wp","href":"https:\/\/api.w.org\/{rel}","templated":true}]}}