{"id":1605,"date":"2023-11-10T14:20:31","date_gmt":"2023-11-10T14:20:31","guid":{"rendered":"https:\/\/vehirlife.hu\/?page_id=1605"},"modified":"2023-11-13T14:06:53","modified_gmt":"2023-11-13T14:06:53","slug":"impresszum","status":"publish","type":"page","link":"https:\/\/vehirlife.hu\/index.php\/impresszum\/","title":{"rendered":"Impresszum"},"content":{"rendered":"\t\t<div data-elementor-type=\"wp-page\" data-elementor-id=\"1605\" class=\"elementor elementor-1605\">\n\t\t\t\t<div class=\"elementor-element elementor-element-d23718c e-flex e-con-boxed e-con e-parent\" data-id=\"d23718c\" data-element_type=\"container\" data-e-type=\"container\">\n\t\t\t\t\t<div class=\"e-con-inner\">\n\t\t<div class=\"elementor-element elementor-element-7d09246 e-con-full e-flex e-con e-child\" data-id=\"7d09246\" data-element_type=\"container\" data-e-type=\"container\">\n\t\t\t\t<div class=\"elementor-element elementor-element-2f3d8f7 elementor-widget elementor-widget-text-editor\" data-id=\"2f3d8f7\" data-element_type=\"widget\" data-e-type=\"widget\" data-widget_type=\"text-editor.default\">\n\t\t\t\t<div class=\"elementor-widget-container\">\n\t\t\t\t\t\t\t\t\t<p class=\"p1\"><span class=\"s1\"><strong>Felel\u0151s kiad\u00f3<\/strong><br \/><\/span><span class=\"s1\">Bakony-Balaton M\u00e9dia Kft.<\/span><\/p><p class=\"p3\"><span class=\"s1\"><strong>\u00dcgyvezet\u0151<\/strong><br \/><\/span><span class=\"s1\">T\u00f3th G\u00e1bor<\/span><\/p><p class=\"p1\"><span class=\"s1\"><strong>Lapigazgat\u00f3<\/strong><br \/><\/span><span class=\"s1\">L\u00f3r\u00e1nt Gergely<\/span><\/p><p class=\"p3\"><span class=\"s1\"><strong>Kapcsolat<\/strong><br \/><\/span><span class=\"s1\">8200 Veszpr\u00e9m, Horgos u. 8.<br \/><\/span><span class=\"s1\">+36 88 783 860\u00a0<br \/><\/span><span class=\"s1\">media@bakonybalaton.hu<\/span><\/p>\t\t\t\t\t\t\t\t<\/div>\n\t\t\t\t<\/div>\n\t\t\t\t<\/div>\n\t\t<div class=\"elementor-element elementor-element-4eb27fc e-con-full e-flex e-con e-child\" data-id=\"4eb27fc\" data-element_type=\"container\" data-e-type=\"container\">\n\t\t\t\t<div class=\"elementor-element elementor-element-339d032 elementor-widget elementor-widget-text-editor\" data-id=\"339d032\" data-element_type=\"widget\" data-e-type=\"widget\" data-widget_type=\"text-editor.default\">\n\t\t\t\t<div class=\"elementor-widget-container\">\n\t\t\t\t\t\t\t\t\t<p class=\"p1\"><span class=\"s1\"><strong>F\u0151szerkeszt\u0151<\/strong><br \/><\/span><span class=\"s1\">Hajas B\u00e1lint<\/span><\/p><p class=\"p3\"><span class=\"s1\"><strong>Felel\u0151s szerkeszt\u0151<\/strong><br \/><\/span><span class=\"s1\">Bertalan Melinda<\/span><\/p><p class=\"p3\"><span class=\"s1\"><strong>Online szerkeszt\u0151<\/strong><br \/><\/span><span class=\"s1\">Bertalan Melinda<\/span><\/p><p class=\"p1\"><span class=\"s1\"><strong>Grafika \/ t\u00f6rdel\u00e9s<\/strong><br \/><\/span><span class=\"s1\">Czegl\u00e9di Zolt\u00e1n<\/span><\/p>\t\t\t\t\t\t\t\t<\/div>\n\t\t\t\t<\/div>\n\t\t\t\t<\/div>\n\t\t<div class=\"elementor-element elementor-element-673050a e-con-full e-flex e-con e-child\" data-id=\"673050a\" data-element_type=\"container\" data-e-type=\"container\">\n\t\t\t\t<div class=\"elementor-element elementor-element-229a820 elementor-widget elementor-widget-text-editor\" data-id=\"229a820\" data-element_type=\"widget\" data-e-type=\"widget\" data-widget_type=\"text-editor.default\">\n\t\t\t\t<div class=\"elementor-widget-container\">\n\t\t\t\t\t\t\t\t\t<p class=\"p1\"><span class=\"s1\"><strong>Fot\u00f3<\/strong><br \/><\/span><span class=\"s1\">Domj\u00e1n Attila, Kov\u00e1cs B\u00e1lint, V\u00e1mosi Patrik, Szalai Csaba<\/span><\/p><p class=\"p1\"><span class=\"s1\"><strong>Tartalom<\/strong><br \/><\/span><span class=\"s1\">Balogh D\u00f3ra, Bertalan Melinda, Sch\u00f6ngrundtner Tam\u00e1s, Hajas B\u00e1lint, Szab\u00f3 Eszter<\/span><\/p>\t\t\t\t\t\t\t\t<\/div>\n\t\t\t\t<\/div>\n\t\t\t\t<\/div>\n\t\t<div class=\"elementor-element elementor-element-b3da9b3 e-con-full e-flex e-con e-child\" data-id=\"b3da9b3\" data-element_type=\"container\" data-e-type=\"container\">\n\t\t\t\t<div class=\"elementor-element elementor-element-000fa48 elementor-widget elementor-widget-text-editor\" data-id=\"000fa48\" data-element_type=\"widget\" data-e-type=\"widget\" data-widget_type=\"text-editor.default\">\n\t\t\t\t<div class=\"elementor-widget-container\">\n\t\t\t\t\t\t\t\t\t<p class=\"p1\"><span class=\"s1\"><strong>Marketing \/ sales<\/strong><br \/><\/span><span style=\"font-size: inherit; font-family: -apple-system, system-ui, BlinkMacSystemFont, 'Segoe UI', Helvetica, Arial, sans-serif, 'Apple Color Emoji', 'Segoe UI Emoji', 'Segoe UI Symbol';\">Czegl\u00e9di D\u00f3ra<br \/><\/span><span class=\"s1\">szelle.dori@bakonybalaton.hu <br \/><\/span><span class=\"s1\">+36 30 779 8990<br \/><\/span><span style=\"color: var( --e-global-color-text ); text-align: var(--text-align); background-color: var(--base-2);\"><br \/><b>Facebook<br \/><\/b><\/span><span style=\"font-family: -apple-system, system-ui, BlinkMacSystemFont, 'Segoe UI', Helvetica, Arial, sans-serif, 'Apple Color Emoji', 'Segoe UI Emoji', 'Segoe UI Symbol'; font-size: inherit; color: var( --e-global-color-text ); text-align: var(--text-align); background-color: var(--base-2);\">facebook.com\/vehir<\/span><\/p>\t\t\t\t\t\t\t\t<\/div>\n\t\t\t\t<\/div>\n\t\t\t\t<\/div>\n\t\t\t\t\t<\/div>\n\t\t\t\t<\/div>\n\t\t\t\t<\/div>\n\t\t","protected":false},"excerpt":{"rendered":"<p>Felel\u0151s kiad\u00f3Bakony-Balaton M\u00e9dia Kft. \u00dcgyvezet\u0151T\u00f3th G\u00e1bor Lapigazgat\u00f3L\u00f3r\u00e1nt Gergely Kapcsolat8200 Veszpr\u00e9m, Horgos u. 8.+36 88 783 860\u00a0media@bakonybalaton.hu F\u0151szerkeszt\u0151Hajas B\u00e1lint Felel\u0151s szerkeszt\u0151Bertalan Melinda Online szerkeszt\u0151Bertalan Melinda Grafika \/ t\u00f6rdel\u00e9sCzegl\u00e9di Zolt\u00e1n Fot\u00f3Domj\u00e1n Attila, Kov\u00e1cs B\u00e1lint, V\u00e1mosi Patrik, Szalai Csaba TartalomBalogh D\u00f3ra, Bertalan Melinda, Sch\u00f6ngrundtner Tam\u00e1s, Hajas B\u00e1lint, Szab\u00f3 Eszter Marketing \/ salesCzegl\u00e9di D\u00f3raszelle.dori@bakonybalaton.hu +36 30 779 8990 Facebookfacebook.com\/vehir<\/p>\n","protected":false},"author":1,"featured_media":0,"parent":0,"menu_order":0,"comment_status":"closed","ping_status":"closed","template":"elementor_header_footer","meta":{"footnotes":""},"class_list":["post-1605","page","type-page","status-publish"],"wpmagazine_modules_lite_featured_media_urls":{"thumbnail":"","cvmm-medium":"","cvmm-medium-plus":"","cvmm-portrait":"","cvmm-medium-square":"","cvmm-large":"","cvmm-small":"","full":""},"categories_names":null,"comments_number":"0","rttpg_featured_image_url":null,"rttpg_author":{"display_name":false,"author_link":"https:\/\/vehirlife.hu\/index.php\/author\/admin_2uh85u12\/"},"rttpg_comment":0,"rttpg_category":null,"rttpg_excerpt":"Felel\u0151s kiad\u00f3Bakony-Balaton M\u00e9dia Kft. \u00dcgyvezet\u0151T\u00f3th G\u00e1bor Lapigazgat\u00f3L\u00f3r\u00e1nt Gergely Kapcsolat8200 Veszpr\u00e9m, Horgos u. 8.+36 88 783 860\u00a0media@bakonybalaton.hu F\u0151szerkeszt\u0151Hajas B\u00e1lint Felel\u0151s szerkeszt\u0151Bertalan Melinda Online szerkeszt\u0151Bertalan Melinda Grafika \/ t\u00f6rdel\u00e9sCzegl\u00e9di Zolt\u00e1n Fot\u00f3Domj\u00e1n Attila, Kov\u00e1cs B\u00e1lint, V\u00e1mosi Patrik, Szalai Csaba TartalomBalogh D\u00f3ra, Bertalan Melinda, Sch\u00f6ngrundtner Tam\u00e1s, Hajas B\u00e1lint, Szab\u00f3 Eszter Marketing \/ salesCzegl\u00e9di D\u00f3raszelle.dori@bakonybalaton.hu +36 30 779 8990 Facebookfacebook.com\/vehir","_links":{"self":[{"href":"https:\/\/vehirlife.hu\/index.php\/wp-json\/wp\/v2\/pages\/1605","targetHints":{"allow":["GET"]}}],"collection":[{"href":"https:\/\/vehirlife.hu\/index.php\/wp-json\/wp\/v2\/pages"}],"about":[{"href":"https:\/\/vehirlife.hu\/index.php\/wp-json\/wp\/v2\/types\/page"}],"author":[{"embeddable":true,"href":"https:\/\/vehirlife.hu\/index.php\/wp-json\/wp\/v2\/users\/1"}],"replies":[{"embeddable":true,"href":"https:\/\/vehirlife.hu\/index.php\/wp-json\/wp\/v2\/comments?post=1605"}],"version-history":[{"count":28,"href":"https:\/\/vehirlife.hu\/index.php\/wp-json\/wp\/v2\/pages\/1605\/revisions"}],"predecessor-version":[{"id":1787,"href":"https:\/\/vehirlife.hu\/index.php\/wp-json\/wp\/v2\/pages\/1605\/revisions\/1787"}],"wp:attachment":[{"href":"https:\/\/vehirlife.hu\/index.php\/wp-json\/wp\/v2\/media?parent=1605"}],"curies":[{"name":"wp","href":"https:\/\/api.w.org\/{rel}","templated":true}]}}